{"id":127,"date":"2026-03-08T21:43:57","date_gmt":"2026-03-08T21:43:57","guid":{"rendered":"https:\/\/almavivajoias.com.br\/?post_type=product&#038;p=127"},"modified":"2026-03-09T00:51:07","modified_gmt":"2026-03-09T00:51:07","slug":"brinco-essenza","status":"publish","type":"product","link":"https:\/\/almavivajoias.com.br\/?product=brinco-essenza","title":{"rendered":"Brinco Essenza"},"content":{"rendered":"<p data-start=\"55\" data-end=\"263\">O Brinco Essenza traduz eleg\u00e2ncia em sua forma mais pura. A argola delicadamente cravejada revela um brilho sutil e sofisticado, criando pontos de luz que acompanham o movimento e destacam a leveza do design.<\/p>\n<p data-start=\"265\" data-end=\"524\" data-is-last-node=\"\" data-is-only-node=\"\">Com linhas cl\u00e1ssicas e acabamento refinado, \u00e9 uma pe\u00e7a pensada para valorizar a beleza dos detalhes. Discreta e ao mesmo tempo marcante, Essenza representa o equil\u00edbrio entre delicadeza e presen\u00e7a \u2014 um brinco que ilumina o visual com naturalidade e eleg\u00e2ncia.<\/p>\n","protected":false},"excerpt":{"rendered":"<p>O Brinco Essenza traduz eleg\u00e2ncia em sua forma mais pura. A argola delicadamente cravejada revela um brilho sutil e sofisticado, &#8230; <\/p>\n<p class=\"more-link-container\"><a title=\"Brinco Essenza\" class=\"more-link button\" href=\"https:\/\/almavivajoias.com.br\/?product=brinco-essenza#more-127\">Read More<span class=\"screen-reader-text\">Brinco Essenza<\/span> <i class=\"fa fa-angle-double-right\"><\/i><\/a><\/p>\n","protected":false},"featured_media":149,"comment_status":"open","ping_status":"closed","template":"","meta":{"advanced_seo_description":"","jetpack_seo_html_title":"","jetpack_seo_noindex":false},"product_brand":[20],"product_cat":[17],"product_tag":[],"class_list":{"0":"post-127","1":"product","2":"type-product","3":"status-publish","4":"has-post-thumbnail","6":"product_brand-alma-viva-joias","7":"product_cat-brincos","9":"first","10":"instock","11":"taxable","12":"shipping-taxable","13":"purchasable","14":"product-type-simple"},"jetpack_sharing_enabled":true,"_links":{"self":[{"href":"https:\/\/almavivajoias.com.br\/index.php?rest_route=\/wp\/v2\/product\/127","targetHints":{"allow":["GET"]}}],"collection":[{"href":"https:\/\/almavivajoias.com.br\/index.php?rest_route=\/wp\/v2\/product"}],"about":[{"href":"https:\/\/almavivajoias.com.br\/index.php?rest_route=\/wp\/v2\/types\/product"}],"replies":[{"embeddable":true,"href":"https:\/\/almavivajoias.com.br\/index.php?rest_route=%2Fwp%2Fv2%2Fcomments&post=127"}],"wp:featuredmedia":[{"embeddable":true,"href":"https:\/\/almavivajoias.com.br\/index.php?rest_route=\/wp\/v2\/media\/149"}],"wp:attachment":[{"href":"https:\/\/almavivajoias.com.br\/index.php?rest_route=%2Fwp%2Fv2%2Fmedia&parent=127"}],"wp:term":[{"taxonomy":"product_brand","embeddable":true,"href":"https:\/\/almavivajoias.com.br\/index.php?rest_route=%2Fwp%2Fv2%2Fproduct_brand&post=127"},{"taxonomy":"product_cat","embeddable":true,"href":"https:\/\/almavivajoias.com.br\/index.php?rest_route=%2Fwp%2Fv2%2Fproduct_cat&post=127"},{"taxonomy":"product_tag","embeddable":true,"href":"https:\/\/almavivajoias.com.br\/index.php?rest_route=%2Fwp%2Fv2%2Fproduct_tag&post=127"}],"curies":[{"name":"wp","href":"https:\/\/api.w.org\/{rel}","templated":true}]}}