{"id":131,"date":"2026-03-08T21:56:36","date_gmt":"2026-03-08T21:56:36","guid":{"rendered":"https:\/\/almavivajoias.com.br\/?post_type=product&#038;p=131"},"modified":"2026-03-09T00:48:59","modified_gmt":"2026-03-09T00:48:59","slug":"brinco-chama","status":"publish","type":"product","link":"https:\/\/almavivajoias.com.br\/?product=brinco-chama","title":{"rendered":"Brinco Chama"},"content":{"rendered":"<p data-start=\"53\" data-end=\"272\">O Brinco Chama traduz for\u00e7a e eleg\u00e2ncia em um design marcante e contempor\u00e2neo. Seu formato curvo e afunilado lembra o movimento de uma chama, criando uma silhueta sofisticada que valoriza o brilho do acabamento dourado.<\/p>\n<p data-start=\"274\" data-end=\"533\" data-is-last-node=\"\" data-is-only-node=\"\">A parte superior cravejada adiciona pontos de luz delicados, enquanto o contraste com o metal polido refor\u00e7a o visual moderno da pe\u00e7a. Um brinco de presen\u00e7a, pensado para quem gosta de acess\u00f3rios que combinam personalidade, estilo e eleg\u00e2ncia em cada detalhe.<\/p>\n","protected":false},"excerpt":{"rendered":"<p>O Brinco Chama traduz for\u00e7a e eleg\u00e2ncia em um design marcante e contempor\u00e2neo. Seu formato curvo e afunilado lembra o &#8230; <\/p>\n<p class=\"more-link-container\"><a title=\"Brinco Chama\" class=\"more-link button\" href=\"https:\/\/almavivajoias.com.br\/?product=brinco-chama#more-131\">Read More<span class=\"screen-reader-text\">Brinco Chama<\/span> <i class=\"fa fa-angle-double-right\"><\/i><\/a><\/p>\n","protected":false},"featured_media":159,"comment_status":"open","ping_status":"closed","template":"","meta":{"advanced_seo_description":"","jetpack_seo_html_title":"","jetpack_seo_noindex":false},"product_brand":[20],"product_cat":[17],"product_tag":[],"class_list":{"0":"post-131","1":"product","2":"type-product","3":"status-publish","4":"has-post-thumbnail","6":"product_brand-alma-viva-joias","7":"product_cat-brincos","9":"first","10":"instock","11":"taxable","12":"shipping-taxable","13":"purchasable","14":"product-type-simple"},"jetpack_sharing_enabled":true,"_links":{"self":[{"href":"https:\/\/almavivajoias.com.br\/index.php?rest_route=\/wp\/v2\/product\/131","targetHints":{"allow":["GET"]}}],"collection":[{"href":"https:\/\/almavivajoias.com.br\/index.php?rest_route=\/wp\/v2\/product"}],"about":[{"href":"https:\/\/almavivajoias.com.br\/index.php?rest_route=\/wp\/v2\/types\/product"}],"replies":[{"embeddable":true,"href":"https:\/\/almavivajoias.com.br\/index.php?rest_route=%2Fwp%2Fv2%2Fcomments&post=131"}],"wp:featuredmedia":[{"embeddable":true,"href":"https:\/\/almavivajoias.com.br\/index.php?rest_route=\/wp\/v2\/media\/159"}],"wp:attachment":[{"href":"https:\/\/almavivajoias.com.br\/index.php?rest_route=%2Fwp%2Fv2%2Fmedia&parent=131"}],"wp:term":[{"taxonomy":"product_brand","embeddable":true,"href":"https:\/\/almavivajoias.com.br\/index.php?rest_route=%2Fwp%2Fv2%2Fproduct_brand&post=131"},{"taxonomy":"product_cat","embeddable":true,"href":"https:\/\/almavivajoias.com.br\/index.php?rest_route=%2Fwp%2Fv2%2Fproduct_cat&post=131"},{"taxonomy":"product_tag","embeddable":true,"href":"https:\/\/almavivajoias.com.br\/index.php?rest_route=%2Fwp%2Fv2%2Fproduct_tag&post=131"}],"curies":[{"name":"wp","href":"https:\/\/api.w.org\/{rel}","templated":true}]}}