{"id":133,"date":"2026-03-08T22:07:34","date_gmt":"2026-03-08T22:07:34","guid":{"rendered":"https:\/\/almavivajoias.com.br\/?post_type=product&#038;p=133"},"modified":"2026-03-09T00:47:56","modified_gmt":"2026-03-09T00:47:56","slug":"brinco-amora","status":"publish","type":"product","link":"https:\/\/almavivajoias.com.br\/?product=brinco-amora","title":{"rendered":"Brinco Amora"},"content":{"rendered":"<p data-start=\"53\" data-end=\"293\">O Brinco Amora traz o romantismo do formato de cora\u00e7\u00e3o em um design delicado e moderno. Suas linhas suaves s\u00e3o real\u00e7adas por uma fileira de pedras brilhantes que contornam a pe\u00e7a, criando um brilho elegante que valoriza o visual com leveza. Charmoso e feminino, \u00e9 uma joia que traduz carinho, estilo e sofistica\u00e7\u00e3o em cada detalhe. Perfeito para iluminar o dia a dia ou dar um toque especial \u00e0s produ\u00e7\u00f5es mais elegantes.<\/p>\n","protected":false},"excerpt":{"rendered":"<p>O Brinco Amora traz o romantismo do formato de cora\u00e7\u00e3o em um design delicado e moderno. Suas linhas suaves s\u00e3o &#8230; <\/p>\n<p class=\"more-link-container\"><a title=\"Brinco Amora\" class=\"more-link button\" href=\"https:\/\/almavivajoias.com.br\/?product=brinco-amora#more-133\">Read More<span class=\"screen-reader-text\">Brinco Amora<\/span> <i class=\"fa fa-angle-double-right\"><\/i><\/a><\/p>\n","protected":false},"featured_media":161,"comment_status":"open","ping_status":"closed","template":"","meta":{"advanced_seo_description":"","jetpack_seo_html_title":"","jetpack_seo_noindex":false},"product_brand":[20],"product_cat":[17],"product_tag":[],"class_list":{"0":"post-133","1":"product","2":"type-product","3":"status-publish","4":"has-post-thumbnail","6":"product_brand-alma-viva-joias","7":"product_cat-brincos","9":"first","10":"instock","11":"taxable","12":"shipping-taxable","13":"purchasable","14":"product-type-simple"},"jetpack_sharing_enabled":true,"_links":{"self":[{"href":"https:\/\/almavivajoias.com.br\/index.php?rest_route=\/wp\/v2\/product\/133","targetHints":{"allow":["GET"]}}],"collection":[{"href":"https:\/\/almavivajoias.com.br\/index.php?rest_route=\/wp\/v2\/product"}],"about":[{"href":"https:\/\/almavivajoias.com.br\/index.php?rest_route=\/wp\/v2\/types\/product"}],"replies":[{"embeddable":true,"href":"https:\/\/almavivajoias.com.br\/index.php?rest_route=%2Fwp%2Fv2%2Fcomments&post=133"}],"wp:featuredmedia":[{"embeddable":true,"href":"https:\/\/almavivajoias.com.br\/index.php?rest_route=\/wp\/v2\/media\/161"}],"wp:attachment":[{"href":"https:\/\/almavivajoias.com.br\/index.php?rest_route=%2Fwp%2Fv2%2Fmedia&parent=133"}],"wp:term":[{"taxonomy":"product_brand","embeddable":true,"href":"https:\/\/almavivajoias.com.br\/index.php?rest_route=%2Fwp%2Fv2%2Fproduct_brand&post=133"},{"taxonomy":"product_cat","embeddable":true,"href":"https:\/\/almavivajoias.com.br\/index.php?rest_route=%2Fwp%2Fv2%2Fproduct_cat&post=133"},{"taxonomy":"product_tag","embeddable":true,"href":"https:\/\/almavivajoias.com.br\/index.php?rest_route=%2Fwp%2Fv2%2Fproduct_tag&post=133"}],"curies":[{"name":"wp","href":"https:\/\/api.w.org\/{rel}","templated":true}]}}