{"id":134,"date":"2026-03-08T22:11:56","date_gmt":"2026-03-08T22:11:56","guid":{"rendered":"https:\/\/almavivajoias.com.br\/?post_type=product&#038;p=134"},"modified":"2026-03-09T01:04:29","modified_gmt":"2026-03-09T01:04:29","slug":"brinco-lume","status":"publish","type":"product","link":"https:\/\/almavivajoias.com.br\/?product=brinco-lume","title":{"rendered":"Brinco Lume"},"content":{"rendered":"<p data-start=\"52\" data-end=\"276\">O Brinco Lume combina eleg\u00e2ncia e brilho em um design cl\u00e1ssico que nunca sai de moda. A argola delicada ganha destaque com a fileira de pedras que percorre sua borda, criando pontos de luz que iluminam o visual com sutileza. Sofisticado e vers\u00e1til, \u00e9 uma pe\u00e7a que transita com facilidade entre o dia e a noite, trazendo um toque de brilho e refinamento para qualquer ocasi\u00e3o. Um brinco que traduz charme, leveza e eleg\u00e2ncia em cada detalhe.<\/p>\n","protected":false},"excerpt":{"rendered":"<p>O Brinco Lume combina eleg\u00e2ncia e brilho em um design cl\u00e1ssico que nunca sai de moda. A argola delicada ganha &#8230; <\/p>\n<p class=\"more-link-container\"><a title=\"Brinco Lume\" class=\"more-link button\" href=\"https:\/\/almavivajoias.com.br\/?product=brinco-lume#more-134\">Read More<span class=\"screen-reader-text\">Brinco Lume<\/span> <i class=\"fa fa-angle-double-right\"><\/i><\/a><\/p>\n","protected":false},"featured_media":169,"comment_status":"open","ping_status":"closed","template":"","meta":{"advanced_seo_description":"","jetpack_seo_html_title":"","jetpack_seo_noindex":false},"product_brand":[20],"product_cat":[17],"product_tag":[],"class_list":{"0":"post-134","1":"product","2":"type-product","3":"status-publish","4":"has-post-thumbnail","6":"product_brand-alma-viva-joias","7":"product_cat-brincos","9":"first","10":"instock","11":"taxable","12":"shipping-taxable","13":"purchasable","14":"product-type-simple"},"jetpack_sharing_enabled":true,"_links":{"self":[{"href":"https:\/\/almavivajoias.com.br\/index.php?rest_route=\/wp\/v2\/product\/134","targetHints":{"allow":["GET"]}}],"collection":[{"href":"https:\/\/almavivajoias.com.br\/index.php?rest_route=\/wp\/v2\/product"}],"about":[{"href":"https:\/\/almavivajoias.com.br\/index.php?rest_route=\/wp\/v2\/types\/product"}],"replies":[{"embeddable":true,"href":"https:\/\/almavivajoias.com.br\/index.php?rest_route=%2Fwp%2Fv2%2Fcomments&post=134"}],"wp:featuredmedia":[{"embeddable":true,"href":"https:\/\/almavivajoias.com.br\/index.php?rest_route=\/wp\/v2\/media\/169"}],"wp:attachment":[{"href":"https:\/\/almavivajoias.com.br\/index.php?rest_route=%2Fwp%2Fv2%2Fmedia&parent=134"}],"wp:term":[{"taxonomy":"product_brand","embeddable":true,"href":"https:\/\/almavivajoias.com.br\/index.php?rest_route=%2Fwp%2Fv2%2Fproduct_brand&post=134"},{"taxonomy":"product_cat","embeddable":true,"href":"https:\/\/almavivajoias.com.br\/index.php?rest_route=%2Fwp%2Fv2%2Fproduct_cat&post=134"},{"taxonomy":"product_tag","embeddable":true,"href":"https:\/\/almavivajoias.com.br\/index.php?rest_route=%2Fwp%2Fv2%2Fproduct_tag&post=134"}],"curies":[{"name":"wp","href":"https:\/\/api.w.org\/{rel}","templated":true}]}}