{"id":180,"date":"2026-03-09T01:19:50","date_gmt":"2026-03-09T01:19:50","guid":{"rendered":"https:\/\/almavivajoias.com.br\/?post_type=product&#038;p=180"},"modified":"2026-03-09T01:19:56","modified_gmt":"2026-03-09T01:19:56","slug":"pulseira-aurora","status":"publish","type":"product","link":"https:\/\/almavivajoias.com.br\/produto\/pulseira-aurora\/","title":{"rendered":"Pulseira Aurora"},"content":{"rendered":"<p data-start=\"56\" data-end=\"289\">A Pulseira Aurora encanta pela harmonia de cores e pela delicadeza de seu design. Suas pedras em tons vibrantes se alternam ao longo da corrente dourada, criando um jogo de luz e cor que ilumina o pulso com eleg\u00e2ncia e personalidade. Leve e sofisticada, \u00e9 uma pe\u00e7a que traz frescor e charme para qualquer composi\u00e7\u00e3o. Perfeita para quem aprecia joias delicadas, mas cheias de vida, capazes de transformar o visual com um toque de cor e brilho.<\/p>\n","protected":false},"excerpt":{"rendered":"<p>A Pulseira Aurora encanta pela harmonia de cores e pela delicadeza de seu design. Suas pedras em tons vibrantes se &#8230; <\/p>\n<p class=\"more-link-container\"><a title=\"Pulseira Aurora\" class=\"more-link button\" href=\"https:\/\/almavivajoias.com.br\/produto\/pulseira-aurora\/#more-180\">Read More<span class=\"screen-reader-text\">Pulseira Aurora<\/span> <i class=\"fa fa-angle-double-right\"><\/i><\/a><\/p>\n","protected":false},"featured_media":174,"comment_status":"open","ping_status":"closed","template":"","meta":{"advanced_seo_description":"","jetpack_seo_html_title":"","jetpack_seo_noindex":false},"product_brand":[20],"product_cat":[19],"product_tag":[],"class_list":{"0":"post-180","1":"product","2":"type-product","3":"status-publish","4":"has-post-thumbnail","6":"product_brand-alma-viva-joias","7":"product_cat-pulseiras","9":"first","10":"instock","11":"taxable","12":"shipping-taxable","13":"purchasable","14":"product-type-simple"},"jetpack_sharing_enabled":true,"_links":{"self":[{"href":"https:\/\/almavivajoias.com.br\/wp-json\/wp\/v2\/product\/180","targetHints":{"allow":["GET"]}}],"collection":[{"href":"https:\/\/almavivajoias.com.br\/wp-json\/wp\/v2\/product"}],"about":[{"href":"https:\/\/almavivajoias.com.br\/wp-json\/wp\/v2\/types\/product"}],"replies":[{"embeddable":true,"href":"https:\/\/almavivajoias.com.br\/wp-json\/wp\/v2\/comments?post=180"}],"wp:featuredmedia":[{"embeddable":true,"href":"https:\/\/almavivajoias.com.br\/wp-json\/wp\/v2\/media\/174"}],"wp:attachment":[{"href":"https:\/\/almavivajoias.com.br\/wp-json\/wp\/v2\/media?parent=180"}],"wp:term":[{"taxonomy":"product_brand","embeddable":true,"href":"https:\/\/almavivajoias.com.br\/wp-json\/wp\/v2\/product_brand?post=180"},{"taxonomy":"product_cat","embeddable":true,"href":"https:\/\/almavivajoias.com.br\/wp-json\/wp\/v2\/product_cat?post=180"},{"taxonomy":"product_tag","embeddable":true,"href":"https:\/\/almavivajoias.com.br\/wp-json\/wp\/v2\/product_tag?post=180"}],"curies":[{"name":"wp","href":"https:\/\/api.w.org\/{rel}","templated":true}]}}