{"id":200,"date":"2026-03-09T02:07:17","date_gmt":"2026-03-09T02:07:17","guid":{"rendered":"https:\/\/almavivajoias.com.br\/?post_type=product&#038;p=200"},"modified":"2026-03-20T00:56:08","modified_gmt":"2026-03-20T00:56:08","slug":"colar-fe","status":"publish","type":"product","link":"https:\/\/almavivajoias.com.br\/?product=colar-fe","title":{"rendered":"Colar F\u00e9"},"content":{"rendered":"<div class=\"flex flex-col text-sm pb-25\">\n<article class=\"text-token-text-primary w-full focus:outline-none [--shadow-height:45px] has-data-writing-block:pointer-events-none has-data-writing-block:-mt-(--shadow-height) has-data-writing-block:pt-(--shadow-height) [&amp;:has([data-writing-block])&gt;*]:pointer-events-auto scroll-mt-[calc(var(--header-height)+min(200px,max(70px,20svh)))]\" dir=\"auto\" tabindex=\"-1\" data-turn-id=\"request-WEB:ad1e0d6e-244e-4652-a5fa-d671e9cdc914-51\" data-testid=\"conversation-turn-74\" data-scroll-anchor=\"true\" data-turn=\"assistant\">\n<div class=\"text-base my-auto mx-auto pb-10 [--thread-content-margin:var(--thread-content-margin-xs,calc(var(--spacing)*4))] @w-sm\/main:[--thread-content-margin:var(--thread-content-margin-sm,calc(var(--spacing)*6))] @w-lg\/main:[--thread-content-margin:var(--thread-content-margin-lg,calc(var(--spacing)*16))] px-(--thread-content-margin)\">\n<div class=\"[--thread-content-max-width:40rem] @w-lg\/main:[--thread-content-max-width:48rem] mx-auto max-w-(--thread-content-max-width) flex-1 group\/turn-messages focus-visible:outline-hidden relative flex w-full min-w-0 flex-col agent-turn\" tabindex=\"-1\">\n<div class=\"flex max-w-full flex-col gap-4 grow\">\n<div class=\"min-h-8 text-message relative flex w-full flex-col items-end gap-2 text-start break-words whitespace-normal [.text-message+&amp;]:mt-1\" dir=\"auto\" data-message-author-role=\"assistant\" data-message-id=\"a619d5ea-e384-466b-8703-d6b10783290a\" data-message-model-slug=\"gpt-5-3\">\n<div class=\"flex w-full flex-col gap-1 empty:hidden\">\n<div class=\"markdown prose dark:prose-invert w-full wrap-break-word dark markdown-new-styling\">\n<p data-start=\"49\" data-end=\"271\">O Colar F\u00e9 une significado e eleg\u00e2ncia em um design delicado e sofisticado. O pingente em formato de cruz \u00e9 adornado por pequenas pedras coloridas que criam um brilho sutil e cheio de vida, destacando cada detalhe da pe\u00e7a.<\/p>\n<p data-start=\"273\" data-end=\"473\" data-is-last-node=\"\" data-is-only-node=\"\">Com presen\u00e7a elegante e simbolismo especial, \u00e9 uma joia que representa prote\u00e7\u00e3o, espiritualidade e estilo. Um colar marcante e atemporal, perfeito para iluminar o visual com f\u00e9, beleza e sofistica\u00e7\u00e3o.<\/p>\n<\/div>\n<\/div>\n<\/div>\n<\/div>\n<div class=\"z-0 flex min-h-[46px] justify-start\"><\/div>\n<div class=\"mt-3 w-full empty:hidden\">\n<div class=\"text-center\"><\/div>\n<\/div>\n<\/div>\n<\/div>\n<\/article>\n<\/div>\n<div class=\"pointer-events-none h-px w-px absolute bottom-0\" aria-hidden=\"true\" data-edge=\"true\"><\/div>\n","protected":false},"excerpt":{"rendered":"<p>O Colar F\u00e9 une significado e eleg\u00e2ncia em um design delicado e sofisticado. O pingente em formato de cruz \u00e9 &#8230; <\/p>\n<p class=\"more-link-container\"><a title=\"Colar F\u00e9\" class=\"more-link button\" href=\"https:\/\/almavivajoias.com.br\/?product=colar-fe#more-200\">Read More<span class=\"screen-reader-text\">Colar F\u00e9<\/span> <i class=\"fa fa-angle-double-right\"><\/i><\/a><\/p>\n","protected":false},"featured_media":201,"comment_status":"open","ping_status":"closed","template":"","meta":{"advanced_seo_description":"","jetpack_seo_html_title":"","jetpack_seo_noindex":false},"product_brand":[20],"product_cat":[18],"product_tag":[],"class_list":{"0":"post-200","1":"product","2":"type-product","3":"status-publish","4":"has-post-thumbnail","6":"product_brand-alma-viva-joias","7":"product_cat-colares","9":"first","10":"instock","11":"taxable","12":"shipping-taxable","13":"purchasable","14":"product-type-simple"},"jetpack_sharing_enabled":true,"_links":{"self":[{"href":"https:\/\/almavivajoias.com.br\/index.php?rest_route=\/wp\/v2\/product\/200","targetHints":{"allow":["GET"]}}],"collection":[{"href":"https:\/\/almavivajoias.com.br\/index.php?rest_route=\/wp\/v2\/product"}],"about":[{"href":"https:\/\/almavivajoias.com.br\/index.php?rest_route=\/wp\/v2\/types\/product"}],"replies":[{"embeddable":true,"href":"https:\/\/almavivajoias.com.br\/index.php?rest_route=%2Fwp%2Fv2%2Fcomments&post=200"}],"wp:featuredmedia":[{"embeddable":true,"href":"https:\/\/almavivajoias.com.br\/index.php?rest_route=\/wp\/v2\/media\/201"}],"wp:attachment":[{"href":"https:\/\/almavivajoias.com.br\/index.php?rest_route=%2Fwp%2Fv2%2Fmedia&parent=200"}],"wp:term":[{"taxonomy":"product_brand","embeddable":true,"href":"https:\/\/almavivajoias.com.br\/index.php?rest_route=%2Fwp%2Fv2%2Fproduct_brand&post=200"},{"taxonomy":"product_cat","embeddable":true,"href":"https:\/\/almavivajoias.com.br\/index.php?rest_route=%2Fwp%2Fv2%2Fproduct_cat&post=200"},{"taxonomy":"product_tag","embeddable":true,"href":"https:\/\/almavivajoias.com.br\/index.php?rest_route=%2Fwp%2Fv2%2Fproduct_tag&post=200"}],"curies":[{"name":"wp","href":"https:\/\/api.w.org\/{rel}","templated":true}]}}