{"id":274,"date":"2026-03-20T00:27:32","date_gmt":"2026-03-20T00:27:32","guid":{"rendered":"https:\/\/almavivajoias.com.br\/?post_type=product&#038;p=274"},"modified":"2026-03-20T00:55:47","modified_gmt":"2026-03-20T00:55:47","slug":"ambar","status":"publish","type":"product","link":"https:\/\/almavivajoias.com.br\/?product=ambar","title":{"rendered":"\u00c2mbar"},"content":{"rendered":"<p data-start=\"43\" data-end=\"308\">Com presen\u00e7a marcante e acabamento dourado, o Brinco \u00c2mbar valoriza o desenho org\u00e2nico em uma composi\u00e7\u00e3o rendada de inspira\u00e7\u00e3o floral. Seu formato em gota alongada destaca a riqueza dos recortes e traz leveza visual, criando uma pe\u00e7a sofisticada e muito expressiva.<\/p>\n<p data-start=\"310\" data-end=\"583\">O trabalho vazado evidencia os detalhes do desenho com delicadeza, enquanto a base lisa proporciona contraste e equil\u00edbrio ao conjunto. \u00c9 uma pe\u00e7a que chama aten\u00e7\u00e3o pela elabora\u00e7\u00e3o do design, sem perder a eleg\u00e2ncia, funcionando muito bem como ponto de destaque na produ\u00e7\u00e3o.<\/p>\n","protected":false},"excerpt":{"rendered":"<p>Com presen\u00e7a marcante e acabamento dourado, o Brinco \u00c2mbar valoriza o desenho org\u00e2nico em uma composi\u00e7\u00e3o rendada de inspira\u00e7\u00e3o floral. &#8230; <\/p>\n<p class=\"more-link-container\"><a title=\"\u00c2mbar\" class=\"more-link button\" href=\"https:\/\/almavivajoias.com.br\/?product=ambar#more-274\">Read More<span class=\"screen-reader-text\">\u00c2mbar<\/span> <i class=\"fa fa-angle-double-right\"><\/i><\/a><\/p>\n","protected":false},"featured_media":251,"comment_status":"open","ping_status":"closed","template":"","meta":{"advanced_seo_description":"","jetpack_seo_html_title":"","jetpack_seo_noindex":false},"product_brand":[20],"product_cat":[17],"product_tag":[],"class_list":{"0":"post-274","1":"product","2":"type-product","3":"status-publish","4":"has-post-thumbnail","6":"product_brand-alma-viva-joias","7":"product_cat-brincos","9":"first","10":"instock","11":"taxable","12":"shipping-taxable","13":"purchasable","14":"product-type-simple"},"jetpack_sharing_enabled":true,"_links":{"self":[{"href":"https:\/\/almavivajoias.com.br\/index.php?rest_route=\/wp\/v2\/product\/274","targetHints":{"allow":["GET"]}}],"collection":[{"href":"https:\/\/almavivajoias.com.br\/index.php?rest_route=\/wp\/v2\/product"}],"about":[{"href":"https:\/\/almavivajoias.com.br\/index.php?rest_route=\/wp\/v2\/types\/product"}],"replies":[{"embeddable":true,"href":"https:\/\/almavivajoias.com.br\/index.php?rest_route=%2Fwp%2Fv2%2Fcomments&post=274"}],"wp:featuredmedia":[{"embeddable":true,"href":"https:\/\/almavivajoias.com.br\/index.php?rest_route=\/wp\/v2\/media\/251"}],"wp:attachment":[{"href":"https:\/\/almavivajoias.com.br\/index.php?rest_route=%2Fwp%2Fv2%2Fmedia&parent=274"}],"wp:term":[{"taxonomy":"product_brand","embeddable":true,"href":"https:\/\/almavivajoias.com.br\/index.php?rest_route=%2Fwp%2Fv2%2Fproduct_brand&post=274"},{"taxonomy":"product_cat","embeddable":true,"href":"https:\/\/almavivajoias.com.br\/index.php?rest_route=%2Fwp%2Fv2%2Fproduct_cat&post=274"},{"taxonomy":"product_tag","embeddable":true,"href":"https:\/\/almavivajoias.com.br\/index.php?rest_route=%2Fwp%2Fv2%2Fproduct_tag&post=274"}],"curies":[{"name":"wp","href":"https:\/\/api.w.org\/{rel}","templated":true}]}}