{"id":275,"date":"2026-03-20T01:26:18","date_gmt":"2026-03-20T01:26:18","guid":{"rendered":"https:\/\/almavivajoias.com.br\/?post_type=product&#038;p=275"},"modified":"2026-03-20T01:26:18","modified_gmt":"2026-03-20T01:26:18","slug":"flor-de-perola","status":"publish","type":"product","link":"https:\/\/almavivajoias.com.br\/?product=flor-de-perola","title":{"rendered":"Flor de P\u00e9rola"},"content":{"rendered":"<p data-start=\"52\" data-end=\"363\">Com um desenho floral na parte superior e composi\u00e7\u00e3o pendente em p\u00e9rolas, o Brinco Flor de P\u00e9rola combina delicadeza e presen\u00e7a em uma proposta elegante e muito feminina. O contraste entre o metal dourado e o brilho suave das p\u00e9rolas cria um visual sofisticado, com acabamento que valoriza cada detalhe da pe\u00e7a.<\/p>\n<p data-start=\"365\" data-end=\"684\">A base em formato de flor traz leveza ao design, enquanto a sequ\u00eancia de esferas pendentes alonga a silhueta e adiciona movimento ao uso. \u00c9 uma pe\u00e7a que se destaca pela composi\u00e7\u00e3o equilibrada entre romantismo e refinamento, funcionando muito bem em produ\u00e7\u00f5es mais delicadas ou em combina\u00e7\u00f5es com proposta mais cl\u00e1ssica.<\/p>\n","protected":false},"excerpt":{"rendered":"<p>Com um desenho floral na parte superior e composi\u00e7\u00e3o pendente em p\u00e9rolas, o Brinco Flor de P\u00e9rola combina delicadeza e &#8230; <\/p>\n<p class=\"more-link-container\"><a title=\"Flor de P\u00e9rola\" class=\"more-link button\" href=\"https:\/\/almavivajoias.com.br\/?product=flor-de-perola#more-275\">Read More<span class=\"screen-reader-text\">Flor de P\u00e9rola<\/span> <i class=\"fa fa-angle-double-right\"><\/i><\/a><\/p>\n","protected":false},"featured_media":253,"comment_status":"open","ping_status":"closed","template":"","meta":{"advanced_seo_description":"","jetpack_seo_html_title":"","jetpack_seo_noindex":false},"product_brand":[20],"product_cat":[17],"product_tag":[],"class_list":{"0":"post-275","1":"product","2":"type-product","3":"status-publish","4":"has-post-thumbnail","6":"product_brand-alma-viva-joias","7":"product_cat-brincos","9":"first","10":"instock","11":"taxable","12":"shipping-taxable","13":"purchasable","14":"product-type-simple"},"jetpack_sharing_enabled":true,"_links":{"self":[{"href":"https:\/\/almavivajoias.com.br\/index.php?rest_route=\/wp\/v2\/product\/275","targetHints":{"allow":["GET"]}}],"collection":[{"href":"https:\/\/almavivajoias.com.br\/index.php?rest_route=\/wp\/v2\/product"}],"about":[{"href":"https:\/\/almavivajoias.com.br\/index.php?rest_route=\/wp\/v2\/types\/product"}],"replies":[{"embeddable":true,"href":"https:\/\/almavivajoias.com.br\/index.php?rest_route=%2Fwp%2Fv2%2Fcomments&post=275"}],"wp:featuredmedia":[{"embeddable":true,"href":"https:\/\/almavivajoias.com.br\/index.php?rest_route=\/wp\/v2\/media\/253"}],"wp:attachment":[{"href":"https:\/\/almavivajoias.com.br\/index.php?rest_route=%2Fwp%2Fv2%2Fmedia&parent=275"}],"wp:term":[{"taxonomy":"product_brand","embeddable":true,"href":"https:\/\/almavivajoias.com.br\/index.php?rest_route=%2Fwp%2Fv2%2Fproduct_brand&post=275"},{"taxonomy":"product_cat","embeddable":true,"href":"https:\/\/almavivajoias.com.br\/index.php?rest_route=%2Fwp%2Fv2%2Fproduct_cat&post=275"},{"taxonomy":"product_tag","embeddable":true,"href":"https:\/\/almavivajoias.com.br\/index.php?rest_route=%2Fwp%2Fv2%2Fproduct_tag&post=275"}],"curies":[{"name":"wp","href":"https:\/\/api.w.org\/{rel}","templated":true}]}}