{"id":277,"date":"2026-03-20T00:34:52","date_gmt":"2026-03-20T00:34:52","guid":{"rendered":"https:\/\/almavivajoias.com.br\/?post_type=product&#038;p=277"},"modified":"2026-03-23T13:15:38","modified_gmt":"2026-03-23T13:15:38","slug":"aurora","status":"publish","type":"product","link":"https:\/\/almavivajoias.com.br\/produto\/aurora\/","title":{"rendered":"Aurora"},"content":{"rendered":"<p data-start=\"44\" data-end=\"290\">Com desenho de borboleta e acabamento dourado liso, o Brinco Aurora traz delicadeza em uma leitura moderna e elegante. As linhas marcadas nas asas criam textura e profundidade, valorizando o formato da pe\u00e7a e destacando seu visual de forma sutil.<\/p>\n<p data-start=\"292\" data-end=\"554\">De tamanho discreto, mas com presen\u00e7a visual bem definida, \u00e9 uma pe\u00e7a que funciona com facilidade no dia a dia e tamb\u00e9m em composi\u00e7\u00f5es mais femininas e delicadas. Um brinco leve no visual, com charme pr\u00f3prio e uma proposta que une suavidade, estilo e identidade.<\/p>\n","protected":false},"excerpt":{"rendered":"<p>Com desenho de borboleta e acabamento dourado liso, o Brinco Aurora traz delicadeza em uma leitura moderna e elegante. As &#8230; <\/p>\n<p class=\"more-link-container\"><a title=\"Aurora\" class=\"more-link button\" href=\"https:\/\/almavivajoias.com.br\/produto\/aurora\/#more-277\">Read More<span class=\"screen-reader-text\">Aurora<\/span> <i class=\"fa fa-angle-double-right\"><\/i><\/a><\/p>\n","protected":false},"featured_media":266,"comment_status":"open","ping_status":"closed","template":"","meta":{"advanced_seo_description":"","jetpack_seo_html_title":"","jetpack_seo_noindex":false},"product_brand":[20],"product_cat":[17],"product_tag":[],"class_list":{"0":"post-277","1":"product","2":"type-product","3":"status-publish","4":"has-post-thumbnail","6":"product_brand-alma-viva-joias","7":"product_cat-brincos","9":"first","10":"outofstock","11":"taxable","12":"shipping-taxable","13":"purchasable","14":"product-type-simple"},"jetpack_sharing_enabled":true,"_links":{"self":[{"href":"https:\/\/almavivajoias.com.br\/wp-json\/wp\/v2\/product\/277","targetHints":{"allow":["GET"]}}],"collection":[{"href":"https:\/\/almavivajoias.com.br\/wp-json\/wp\/v2\/product"}],"about":[{"href":"https:\/\/almavivajoias.com.br\/wp-json\/wp\/v2\/types\/product"}],"replies":[{"embeddable":true,"href":"https:\/\/almavivajoias.com.br\/wp-json\/wp\/v2\/comments?post=277"}],"wp:featuredmedia":[{"embeddable":true,"href":"https:\/\/almavivajoias.com.br\/wp-json\/wp\/v2\/media\/266"}],"wp:attachment":[{"href":"https:\/\/almavivajoias.com.br\/wp-json\/wp\/v2\/media?parent=277"}],"wp:term":[{"taxonomy":"product_brand","embeddable":true,"href":"https:\/\/almavivajoias.com.br\/wp-json\/wp\/v2\/product_brand?post=277"},{"taxonomy":"product_cat","embeddable":true,"href":"https:\/\/almavivajoias.com.br\/wp-json\/wp\/v2\/product_cat?post=277"},{"taxonomy":"product_tag","embeddable":true,"href":"https:\/\/almavivajoias.com.br\/wp-json\/wp\/v2\/product_tag?post=277"}],"curies":[{"name":"wp","href":"https:\/\/api.w.org\/{rel}","templated":true}]}}