{"id":279,"date":"2026-03-20T00:42:33","date_gmt":"2026-03-20T00:42:33","guid":{"rendered":"https:\/\/almavivajoias.com.br\/?post_type=product&#038;p=279"},"modified":"2026-03-20T00:42:33","modified_gmt":"2026-03-20T00:42:33","slug":"aura-cristal","status":"publish","type":"product","link":"https:\/\/almavivajoias.com.br\/produto\/aura-cristal\/","title":{"rendered":"Aura Cristal"},"content":{"rendered":"<p data-start=\"50\" data-end=\"373\">Com design cl\u00e1ssico e acabamento prateado, o Brinco Aura Cristal destaca uma pedra central em lapida\u00e7\u00e3o redonda, envolvida por um delicado contorno de micro pedras que ampliam seu brilho de forma elegante e equilibrada. O contraste entre o centro transl\u00facido e o aro detalhado cria profundidade e valoriza o visual da pe\u00e7a.<\/p>\n<p data-start=\"375\" data-end=\"632\">De tamanho discreto e propor\u00e7\u00f5es bem definidas, \u00e9 um brinco que se adapta com facilidade a diferentes composi\u00e7\u00f5es, trazendo luminosidade na medida certa. Uma escolha refinada para quem busca um acess\u00f3rio atemporal, com presen\u00e7a sutil e acabamento cuidadoso.<\/p>\n","protected":false},"excerpt":{"rendered":"<p>Com design cl\u00e1ssico e acabamento prateado, o Brinco Aura Cristal destaca uma pedra central em lapida\u00e7\u00e3o redonda, envolvida por um &#8230; <\/p>\n<p class=\"more-link-container\"><a title=\"Aura Cristal\" class=\"more-link button\" href=\"https:\/\/almavivajoias.com.br\/produto\/aura-cristal\/#more-279\">Read More<span class=\"screen-reader-text\">Aura Cristal<\/span> <i class=\"fa fa-angle-double-right\"><\/i><\/a><\/p>\n","protected":false},"featured_media":273,"comment_status":"open","ping_status":"closed","template":"","meta":{"advanced_seo_description":"","jetpack_seo_html_title":"","jetpack_seo_noindex":false},"product_brand":[20],"product_cat":[17],"product_tag":[],"class_list":{"0":"post-279","1":"product","2":"type-product","3":"status-publish","4":"has-post-thumbnail","6":"product_brand-alma-viva-joias","7":"product_cat-brincos","9":"first","10":"instock","11":"taxable","12":"shipping-taxable","13":"purchasable","14":"product-type-simple"},"jetpack_sharing_enabled":true,"_links":{"self":[{"href":"https:\/\/almavivajoias.com.br\/wp-json\/wp\/v2\/product\/279","targetHints":{"allow":["GET"]}}],"collection":[{"href":"https:\/\/almavivajoias.com.br\/wp-json\/wp\/v2\/product"}],"about":[{"href":"https:\/\/almavivajoias.com.br\/wp-json\/wp\/v2\/types\/product"}],"replies":[{"embeddable":true,"href":"https:\/\/almavivajoias.com.br\/wp-json\/wp\/v2\/comments?post=279"}],"wp:featuredmedia":[{"embeddable":true,"href":"https:\/\/almavivajoias.com.br\/wp-json\/wp\/v2\/media\/273"}],"wp:attachment":[{"href":"https:\/\/almavivajoias.com.br\/wp-json\/wp\/v2\/media?parent=279"}],"wp:term":[{"taxonomy":"product_brand","embeddable":true,"href":"https:\/\/almavivajoias.com.br\/wp-json\/wp\/v2\/product_brand?post=279"},{"taxonomy":"product_cat","embeddable":true,"href":"https:\/\/almavivajoias.com.br\/wp-json\/wp\/v2\/product_cat?post=279"},{"taxonomy":"product_tag","embeddable":true,"href":"https:\/\/almavivajoias.com.br\/wp-json\/wp\/v2\/product_tag?post=279"}],"curies":[{"name":"wp","href":"https:\/\/api.w.org\/{rel}","templated":true}]}}