{"id":280,"date":"2026-03-20T00:47:30","date_gmt":"2026-03-20T00:47:30","guid":{"rendered":"https:\/\/almavivajoias.com.br\/?post_type=product&#038;p=280"},"modified":"2026-03-20T00:47:30","modified_gmt":"2026-03-20T00:47:30","slug":"elo-de-amor","status":"publish","type":"product","link":"https:\/\/almavivajoias.com.br\/?product=elo-de-amor","title":{"rendered":"Elo de Amor"},"content":{"rendered":"<p data-start=\"49\" data-end=\"323\">Com composi\u00e7\u00e3o vertical e design vazado, o Brinco Elo de Amor apresenta tr\u00eas cora\u00e7\u00f5es alinhados em propor\u00e7\u00e3o crescente, criando um efeito delicado e harmonioso. O acabamento dourado liso valoriza o contorno das formas, trazendo leveza visual e um toque contempor\u00e2neo \u00e0 pe\u00e7a.<\/p>\n<p data-start=\"325\" data-end=\"562\">O desenho sequencial alonga suavemente a silhueta na orelha, enquanto a estrutura leve favorece o conforto no uso. \u00c9 uma pe\u00e7a que traduz feminilidade de forma sutil, funcionando bem tanto sozinha quanto em composi\u00e7\u00f5es com outros brincos.<\/p>\n<p data-start=\"564\" data-end=\"675\">Uma escolha com apelo afetivo e est\u00e9tica minimalista, que combina delicadeza, identidade e um design atemporal.<\/p>\n","protected":false},"excerpt":{"rendered":"<p>Com composi\u00e7\u00e3o vertical e design vazado, o Brinco Elo de Amor apresenta tr\u00eas cora\u00e7\u00f5es alinhados em propor\u00e7\u00e3o crescente, criando um &#8230; <\/p>\n<p class=\"more-link-container\"><a title=\"Elo de Amor\" class=\"more-link button\" href=\"https:\/\/almavivajoias.com.br\/?product=elo-de-amor#more-280\">Read More<span class=\"screen-reader-text\">Elo de Amor<\/span> <i class=\"fa fa-angle-double-right\"><\/i><\/a><\/p>\n","protected":false},"featured_media":249,"comment_status":"open","ping_status":"closed","template":"","meta":{"advanced_seo_description":"","jetpack_seo_html_title":"","jetpack_seo_noindex":false},"product_brand":[20],"product_cat":[17],"product_tag":[],"class_list":{"0":"post-280","1":"product","2":"type-product","3":"status-publish","4":"has-post-thumbnail","6":"product_brand-alma-viva-joias","7":"product_cat-brincos","9":"first","10":"instock","11":"taxable","12":"shipping-taxable","13":"purchasable","14":"product-type-simple"},"jetpack_sharing_enabled":true,"_links":{"self":[{"href":"https:\/\/almavivajoias.com.br\/index.php?rest_route=\/wp\/v2\/product\/280","targetHints":{"allow":["GET"]}}],"collection":[{"href":"https:\/\/almavivajoias.com.br\/index.php?rest_route=\/wp\/v2\/product"}],"about":[{"href":"https:\/\/almavivajoias.com.br\/index.php?rest_route=\/wp\/v2\/types\/product"}],"replies":[{"embeddable":true,"href":"https:\/\/almavivajoias.com.br\/index.php?rest_route=%2Fwp%2Fv2%2Fcomments&post=280"}],"wp:featuredmedia":[{"embeddable":true,"href":"https:\/\/almavivajoias.com.br\/index.php?rest_route=\/wp\/v2\/media\/249"}],"wp:attachment":[{"href":"https:\/\/almavivajoias.com.br\/index.php?rest_route=%2Fwp%2Fv2%2Fmedia&parent=280"}],"wp:term":[{"taxonomy":"product_brand","embeddable":true,"href":"https:\/\/almavivajoias.com.br\/index.php?rest_route=%2Fwp%2Fv2%2Fproduct_brand&post=280"},{"taxonomy":"product_cat","embeddable":true,"href":"https:\/\/almavivajoias.com.br\/index.php?rest_route=%2Fwp%2Fv2%2Fproduct_cat&post=280"},{"taxonomy":"product_tag","embeddable":true,"href":"https:\/\/almavivajoias.com.br\/index.php?rest_route=%2Fwp%2Fv2%2Fproduct_tag&post=280"}],"curies":[{"name":"wp","href":"https:\/\/api.w.org\/{rel}","templated":true}]}}