{"id":281,"date":"2026-03-20T00:50:13","date_gmt":"2026-03-20T00:50:13","guid":{"rendered":"https:\/\/almavivajoias.com.br\/?post_type=product&#038;p=281"},"modified":"2026-03-20T00:50:13","modified_gmt":"2026-03-20T00:50:13","slug":"gota-de-luz","status":"publish","type":"product","link":"https:\/\/almavivajoias.com.br\/?product=gota-de-luz","title":{"rendered":"Gota de Luz"},"content":{"rendered":"<p data-start=\"49\" data-end=\"324\">Com design em formato de gota e acabamento dourado polido, o Brinco Gota de Luz apresenta uma composi\u00e7\u00e3o delicada e contempor\u00e2nea. A estrutura vazada envolve uma pedra central em lapida\u00e7\u00e3o redonda, criando um contraste sutil entre o brilho do metal e a luminosidade da pedra.<\/p>\n<p data-start=\"326\" data-end=\"592\">O encaixe da pedra na base da gota valoriza o desenho da pe\u00e7a e traz equil\u00edbrio visual, enquanto o formato alongado contribui para um efeito elegante na orelha. Leve e de propor\u00e7\u00f5es compactas, \u00e9 uma op\u00e7\u00e3o vers\u00e1til para o dia a dia ou para composi\u00e7\u00f5es mais refinadas.<\/p>\n<p data-start=\"594\" data-end=\"701\">Uma pe\u00e7a que combina simplicidade e detalhe na medida certa, com um visual atemporal e f\u00e1cil de harmonizar.<\/p>\n","protected":false},"excerpt":{"rendered":"<p>Com design em formato de gota e acabamento dourado polido, o Brinco Gota de Luz apresenta uma composi\u00e7\u00e3o delicada e &#8230; <\/p>\n<p class=\"more-link-container\"><a title=\"Gota de Luz\" class=\"more-link button\" href=\"https:\/\/almavivajoias.com.br\/?product=gota-de-luz#more-281\">Read More<span class=\"screen-reader-text\">Gota de Luz<\/span> <i class=\"fa fa-angle-double-right\"><\/i><\/a><\/p>\n","protected":false},"featured_media":270,"comment_status":"open","ping_status":"closed","template":"","meta":{"advanced_seo_description":"","jetpack_seo_html_title":"","jetpack_seo_noindex":false},"product_brand":[20],"product_cat":[17],"product_tag":[],"class_list":{"0":"post-281","1":"product","2":"type-product","3":"status-publish","4":"has-post-thumbnail","6":"product_brand-alma-viva-joias","7":"product_cat-brincos","9":"first","10":"instock","11":"taxable","12":"shipping-taxable","13":"purchasable","14":"product-type-simple"},"jetpack_sharing_enabled":true,"_links":{"self":[{"href":"https:\/\/almavivajoias.com.br\/index.php?rest_route=\/wp\/v2\/product\/281","targetHints":{"allow":["GET"]}}],"collection":[{"href":"https:\/\/almavivajoias.com.br\/index.php?rest_route=\/wp\/v2\/product"}],"about":[{"href":"https:\/\/almavivajoias.com.br\/index.php?rest_route=\/wp\/v2\/types\/product"}],"replies":[{"embeddable":true,"href":"https:\/\/almavivajoias.com.br\/index.php?rest_route=%2Fwp%2Fv2%2Fcomments&post=281"}],"wp:featuredmedia":[{"embeddable":true,"href":"https:\/\/almavivajoias.com.br\/index.php?rest_route=\/wp\/v2\/media\/270"}],"wp:attachment":[{"href":"https:\/\/almavivajoias.com.br\/index.php?rest_route=%2Fwp%2Fv2%2Fmedia&parent=281"}],"wp:term":[{"taxonomy":"product_brand","embeddable":true,"href":"https:\/\/almavivajoias.com.br\/index.php?rest_route=%2Fwp%2Fv2%2Fproduct_brand&post=281"},{"taxonomy":"product_cat","embeddable":true,"href":"https:\/\/almavivajoias.com.br\/index.php?rest_route=%2Fwp%2Fv2%2Fproduct_cat&post=281"},{"taxonomy":"product_tag","embeddable":true,"href":"https:\/\/almavivajoias.com.br\/index.php?rest_route=%2Fwp%2Fv2%2Fproduct_tag&post=281"}],"curies":[{"name":"wp","href":"https:\/\/api.w.org\/{rel}","templated":true}]}}