{"id":282,"date":"2026-03-20T00:52:54","date_gmt":"2026-03-20T00:52:54","guid":{"rendered":"https:\/\/almavivajoias.com.br\/?post_type=product&#038;p=282"},"modified":"2026-03-23T13:12:50","modified_gmt":"2026-03-23T13:12:50","slug":"trio-essencia","status":"publish","type":"product","link":"https:\/\/almavivajoias.com.br\/?product=trio-essencia","title":{"rendered":"Trio Ess\u00eancia"},"content":{"rendered":"<p data-start=\"43\" data-end=\"327\">Composto por tr\u00eas pares de brincos em design minimalista, o trio Ess\u00eancia re\u00fane formas cl\u00e1ssicas que se complementam com equil\u00edbrio e versatilidade. A combina\u00e7\u00e3o entre ponto de luz com pedra em tom rosado, cruz lisa e cora\u00e7\u00e3o em acabamento polido cria um conjunto delicado e atemporal.<\/p>\n<p data-start=\"329\" data-end=\"595\">O contraste entre o brilho sutil da pedra e o acabamento met\u00e1lico liso das demais pe\u00e7as traz variedade ao uso, permitindo diferentes composi\u00e7\u00f5es no dia a dia. Cada brinco possui identidade pr\u00f3pria, mas mant\u00e9m uma harmonia visual que facilita a combina\u00e7\u00e3o entre eles.<\/p>\n<p data-start=\"597\" data-end=\"734\">Uma proposta pr\u00e1tica e elegante para quem busca variedade sem abrir m\u00e3o da delicadeza, ideal para uso individual ou em mix no mesmo look.<\/p>\n","protected":false},"excerpt":{"rendered":"<p>Composto por tr\u00eas pares de brincos em design minimalista, o trio Ess\u00eancia re\u00fane formas cl\u00e1ssicas que se complementam com equil\u00edbrio &#8230; <\/p>\n<p class=\"more-link-container\"><a title=\"Trio Ess\u00eancia\" class=\"more-link button\" href=\"https:\/\/almavivajoias.com.br\/?product=trio-essencia#more-282\">Read More<span class=\"screen-reader-text\">Trio Ess\u00eancia<\/span> <i class=\"fa fa-angle-double-right\"><\/i><\/a><\/p>\n","protected":false},"featured_media":244,"comment_status":"open","ping_status":"closed","template":"","meta":{"advanced_seo_description":"","jetpack_seo_html_title":"","jetpack_seo_noindex":false},"product_brand":[20],"product_cat":[17],"product_tag":[],"class_list":{"0":"post-282","1":"product","2":"type-product","3":"status-publish","4":"has-post-thumbnail","6":"product_brand-alma-viva-joias","7":"product_cat-brincos","9":"first","10":"outofstock","11":"taxable","12":"shipping-taxable","13":"purchasable","14":"product-type-simple"},"jetpack_sharing_enabled":true,"_links":{"self":[{"href":"https:\/\/almavivajoias.com.br\/index.php?rest_route=\/wp\/v2\/product\/282","targetHints":{"allow":["GET"]}}],"collection":[{"href":"https:\/\/almavivajoias.com.br\/index.php?rest_route=\/wp\/v2\/product"}],"about":[{"href":"https:\/\/almavivajoias.com.br\/index.php?rest_route=\/wp\/v2\/types\/product"}],"replies":[{"embeddable":true,"href":"https:\/\/almavivajoias.com.br\/index.php?rest_route=%2Fwp%2Fv2%2Fcomments&post=282"}],"wp:featuredmedia":[{"embeddable":true,"href":"https:\/\/almavivajoias.com.br\/index.php?rest_route=\/wp\/v2\/media\/244"}],"wp:attachment":[{"href":"https:\/\/almavivajoias.com.br\/index.php?rest_route=%2Fwp%2Fv2%2Fmedia&parent=282"}],"wp:term":[{"taxonomy":"product_brand","embeddable":true,"href":"https:\/\/almavivajoias.com.br\/index.php?rest_route=%2Fwp%2Fv2%2Fproduct_brand&post=282"},{"taxonomy":"product_cat","embeddable":true,"href":"https:\/\/almavivajoias.com.br\/index.php?rest_route=%2Fwp%2Fv2%2Fproduct_cat&post=282"},{"taxonomy":"product_tag","embeddable":true,"href":"https:\/\/almavivajoias.com.br\/index.php?rest_route=%2Fwp%2Fv2%2Fproduct_tag&post=282"}],"curies":[{"name":"wp","href":"https:\/\/api.w.org\/{rel}","templated":true}]}}