{"id":287,"date":"2026-03-20T01:21:51","date_gmt":"2026-03-20T01:21:51","guid":{"rendered":"https:\/\/almavivajoias.com.br\/?post_type=product&#038;p=287"},"modified":"2026-03-20T01:21:51","modified_gmt":"2026-03-20T01:21:51","slug":"elo-essencial","status":"publish","type":"product","link":"https:\/\/almavivajoias.com.br\/?product=elo-essencial","title":{"rendered":"Elo Essencial"},"content":{"rendered":"<p data-start=\"50\" data-end=\"292\">Com design marcante e acabamento prateado, o Colar Elo Essencial aposta em uma corrente de elos alongados que trazem presen\u00e7a e modernidade \u00e0 pe\u00e7a. A estrutura uniforme valoriza o desenho limpo, criando um visual atual e bem definido no colo.<\/p>\n<p data-start=\"294\" data-end=\"529\">O brilho suave do metal refor\u00e7a a proposta contempor\u00e2nea, enquanto o formato dos elos adiciona textura e identidade sem excesso de detalhes. \u00c9 um colar que equilibra for\u00e7a visual e simplicidade, funcionando como destaque na composi\u00e7\u00e3o.<\/p>\n<p data-start=\"531\" data-end=\"703\">Vers\u00e1til e f\u00e1cil de combinar, pode ser usado sozinho para um efeito mais evidente ou em sobreposi\u00e7\u00e3o com correntes mais delicadas, criando um mix equilibrado e sofisticado.<\/p>\n","protected":false},"excerpt":{"rendered":"<p>Com design marcante e acabamento prateado, o Colar Elo Essencial aposta em uma corrente de elos alongados que trazem presen\u00e7a &#8230; <\/p>\n<p class=\"more-link-container\"><a title=\"Elo Essencial\" class=\"more-link button\" href=\"https:\/\/almavivajoias.com.br\/?product=elo-essencial#more-287\">Read More<span class=\"screen-reader-text\">Elo Essencial<\/span> <i class=\"fa fa-angle-double-right\"><\/i><\/a><\/p>\n","protected":false},"featured_media":260,"comment_status":"open","ping_status":"closed","template":"","meta":{"advanced_seo_description":"","jetpack_seo_html_title":"","jetpack_seo_noindex":false},"product_brand":[20],"product_cat":[18],"product_tag":[],"class_list":{"0":"post-287","1":"product","2":"type-product","3":"status-publish","4":"has-post-thumbnail","6":"product_brand-alma-viva-joias","7":"product_cat-colares","9":"first","10":"instock","11":"taxable","12":"shipping-taxable","13":"purchasable","14":"product-type-simple"},"jetpack_sharing_enabled":true,"_links":{"self":[{"href":"https:\/\/almavivajoias.com.br\/index.php?rest_route=\/wp\/v2\/product\/287","targetHints":{"allow":["GET"]}}],"collection":[{"href":"https:\/\/almavivajoias.com.br\/index.php?rest_route=\/wp\/v2\/product"}],"about":[{"href":"https:\/\/almavivajoias.com.br\/index.php?rest_route=\/wp\/v2\/types\/product"}],"replies":[{"embeddable":true,"href":"https:\/\/almavivajoias.com.br\/index.php?rest_route=%2Fwp%2Fv2%2Fcomments&post=287"}],"wp:featuredmedia":[{"embeddable":true,"href":"https:\/\/almavivajoias.com.br\/index.php?rest_route=\/wp\/v2\/media\/260"}],"wp:attachment":[{"href":"https:\/\/almavivajoias.com.br\/index.php?rest_route=%2Fwp%2Fv2%2Fmedia&parent=287"}],"wp:term":[{"taxonomy":"product_brand","embeddable":true,"href":"https:\/\/almavivajoias.com.br\/index.php?rest_route=%2Fwp%2Fv2%2Fproduct_brand&post=287"},{"taxonomy":"product_cat","embeddable":true,"href":"https:\/\/almavivajoias.com.br\/index.php?rest_route=%2Fwp%2Fv2%2Fproduct_cat&post=287"},{"taxonomy":"product_tag","embeddable":true,"href":"https:\/\/almavivajoias.com.br\/index.php?rest_route=%2Fwp%2Fv2%2Fproduct_tag&post=287"}],"curies":[{"name":"wp","href":"https:\/\/api.w.org\/{rel}","templated":true}]}}