{"id":90,"date":"2026-03-08T20:49:16","date_gmt":"2026-03-08T20:49:16","guid":{"rendered":"https:\/\/almavivajoias.com.br\/?post_type=product&#038;p=90"},"modified":"2026-03-09T00:56:07","modified_gmt":"2026-03-09T00:56:07","slug":"barra-cravejada","status":"publish","type":"product","link":"https:\/\/almavivajoias.com.br\/?product=barra-cravejada","title":{"rendered":"Barra cravejada"},"content":{"rendered":"<p data-start=\"25\" data-end=\"291\">Com design moderno e linhas geom\u00e9tricas marcantes, este brinco em formato de barra traz eleg\u00e2ncia com um toque contempor\u00e2neo. A face frontal cravejada com pequenas pedras brilhantes adiciona luminosidade na medida certa, destacando o contorno da pe\u00e7a com delicadeza.<\/p>\n<p data-start=\"293\" data-end=\"427\">Leve e sofisticada, \u00e9 uma escolha perfeita para quem busca um acess\u00f3rio elegante que valorize a produ\u00e7\u00e3o com discri\u00e7\u00e3o e brilho sutil.<\/p>\n","protected":false},"excerpt":{"rendered":"<p>Com design moderno e linhas geom\u00e9tricas marcantes, este brinco em formato de barra traz eleg\u00e2ncia com um toque contempor\u00e2neo. A &#8230; <\/p>\n<p class=\"more-link-container\"><a title=\"Barra cravejada\" class=\"more-link button\" href=\"https:\/\/almavivajoias.com.br\/?product=barra-cravejada#more-90\">Read More<span class=\"screen-reader-text\">Barra cravejada<\/span> <i class=\"fa fa-angle-double-right\"><\/i><\/a><\/p>\n","protected":false},"featured_media":163,"comment_status":"open","ping_status":"closed","template":"","meta":{"advanced_seo_description":"","jetpack_seo_html_title":"","jetpack_seo_noindex":false},"product_brand":[20],"product_cat":[17],"product_tag":[],"class_list":{"0":"post-90","1":"product","2":"type-product","3":"status-publish","4":"has-post-thumbnail","6":"product_brand-alma-viva-joias","7":"product_cat-brincos","9":"first","10":"instock","11":"taxable","12":"shipping-taxable","13":"purchasable","14":"product-type-simple"},"jetpack_sharing_enabled":true,"_links":{"self":[{"href":"https:\/\/almavivajoias.com.br\/index.php?rest_route=\/wp\/v2\/product\/90","targetHints":{"allow":["GET"]}}],"collection":[{"href":"https:\/\/almavivajoias.com.br\/index.php?rest_route=\/wp\/v2\/product"}],"about":[{"href":"https:\/\/almavivajoias.com.br\/index.php?rest_route=\/wp\/v2\/types\/product"}],"replies":[{"embeddable":true,"href":"https:\/\/almavivajoias.com.br\/index.php?rest_route=%2Fwp%2Fv2%2Fcomments&post=90"}],"wp:featuredmedia":[{"embeddable":true,"href":"https:\/\/almavivajoias.com.br\/index.php?rest_route=\/wp\/v2\/media\/163"}],"wp:attachment":[{"href":"https:\/\/almavivajoias.com.br\/index.php?rest_route=%2Fwp%2Fv2%2Fmedia&parent=90"}],"wp:term":[{"taxonomy":"product_brand","embeddable":true,"href":"https:\/\/almavivajoias.com.br\/index.php?rest_route=%2Fwp%2Fv2%2Fproduct_brand&post=90"},{"taxonomy":"product_cat","embeddable":true,"href":"https:\/\/almavivajoias.com.br\/index.php?rest_route=%2Fwp%2Fv2%2Fproduct_cat&post=90"},{"taxonomy":"product_tag","embeddable":true,"href":"https:\/\/almavivajoias.com.br\/index.php?rest_route=%2Fwp%2Fv2%2Fproduct_tag&post=90"}],"curies":[{"name":"wp","href":"https:\/\/api.w.org\/{rel}","templated":true}]}}